{"id":23151,"date":"2022-11-15T17:21:58","date_gmt":"2022-11-15T16:21:58","guid":{"rendered":"https:\/\/tiledesk.com\/template-per-chatbot\/template-per-bot-di-prenotazione-demo-proattivo\/"},"modified":"2025-04-28T14:30:29","modified_gmt":"2025-04-28T12:30:29","slug":"template-per-bot-di-prenotazione-demo-proattivo","status":"publish","type":"page","link":"https:\/\/tiledesk.com\/it\/template-per-chatbot\/template-per-bot-di-prenotazione-demo-proattivo\/","title":{"rendered":"Template per Bot di Prenotazione Demo Proattivo"},"content":{"rendered":"<div class=\"wpb-content-wrapper\"><p>[vc_row][vc_column][vc_empty_space height=&#8221;12px&#8221;][vc_custom_heading text=&#8221;Template Chatbot Gratuito per Aumentare il Coinvolgimento&#8221; font_container=&#8221;tag:h2|font_size:50|text_align:center|color:rgba(37%2C37%2C42%2C0.96)|line_height:60px&#8221; use_theme_fonts=&#8221;yes&#8221;][vc_custom_heading text=&#8221;Aumenta il coinvolgimento del tuo sito web con un bot proattivo che invita i visitatori a richiedere una demo e li aiuta a trovare la soluzione migliore.&#8221; font_container=&#8221;tag:h3|font_size:30|text_align:center|color:rgba(37%2C37%2C42%2C0.96)|line_height:40px&#8221; google_fonts=&#8221;font_family:Roboto%3A100%2C100italic%2C300%2C300italic%2Cregular%2Citalic%2C500%2C500italic%2C700%2C700italic%2C900%2C900italic|font_style:300%20light%20regular%3A300%3Anormal&#8221;][\/vc_column][\/vc_row][vc_row full_width=&#8221;stretch_row&#8221; css=&#8221;.vc_custom_1666858854104{background-image: url(<a href=\"https:\/\/tiledesk.com\/wp-content\/uploads\/2022\/10\/background_arancio.png?id=8843\">https:\/\/tiledesk.com\/wp-content\/uploads\/2022\/10\/background_arancio.png?id=8843<\/a>) !important;background-position: center !important;background-repeat: no-repeat !important;background-size: contain !important;}&#8221;][vc_column width=&#8221;1\/3&#8243;][vc_empty_space height=&#8221;200px&#8221;][vc_column_text]<img data-recalc-dims=\"1\" loading=\"lazy\" decoding=\"async\" class=\"aligncenter wp-image-9383 size-medium\" src=\"https:\/\/i0.wp.com\/tiledesk.com\/wp-content\/uploads\/2022\/11\/discount-chatbot-template.png?resize=300%2C285&#038;ssl=1\" alt=\"template chatbot sconto\" width=\"300\" height=\"285\">[\/vc_column_text][\/vc_column][vc_column width=&#8221;1\/3&#8243; el_class=&#8221;col_widget_template&#8221;][vc_raw_html css=&#8221;.vc_custom_1704302962125{margin-bottom: 0px !important;padding-bottom: 0px !important;}&#8221;]PGlmcmFtZSBib3JkZXI9IjAiIGNsYXNzPSJpZnJhbWVfd2lkZ2V0X3RlbXBsYXRlIiBzcmM9Imh0dHBzOi8vdGlsZWRlc2staHRtbC1zaXRlLXRpbGVkZXNrLnJlcGxpdC5hcHAvY2hhdGJvdF9sYW5kaW5nX3NvdXJjZS5odG1sP3RpbGVkZXNrX2Z1bGxzY3JlZW5Nb2RlPXRydWUmYW1wO3RpbGVkZXNrX3NpbmdsZUNvbnZlcnNhdGlvbj10cnVlJmFtcDt0aWxlZGVza19oaWRlSGVhZGVyQ2xvc2VCdXR0b249dHJ1ZSZhbXA7dGlsZWRlc2tfaGlkZUNsb3NlQ29udmVyc2F0aW9uT3B0aW9uTWVudT10cnVlJmFtcDt0aWxlZGVza19vcGVuPXRydWUmYW1wO3RpbGVkZXNrX2RlcGFydG1lbnRJRD02NDA3MTRiZGMwMTY1MTAwMTM0NTM5MTEmYW1wO3RpbGVkZXNrX3dpZGdldFRpdGxlPURlbW8lMjBib29raW5nJTIwQm90Ij48L2lmcmFtZT4=[\/vc_raw_html][vc_column_text css=&#8221;.vc_custom_1691674801678{margin-top: 0px !important;padding-top: 0px !important;}&#8221;]<img data-recalc-dims=\"1\" loading=\"lazy\" decoding=\"async\" class=\"aligncenter wp-image-8918\" title=\"prova il template chatbot sconto\" src=\"https:\/\/i0.wp.com\/tiledesk.com\/wp-content\/uploads\/2022\/10\/Try-the-Chatbot-1.png?resize=226%2C112&#038;ssl=1\" alt=\"prova il template chatbot sconto\" width=\"226\" height=\"112\" srcset=\"https:\/\/i0.wp.com\/tiledesk.com\/wp-content\/uploads\/2022\/10\/Try-the-Chatbot-1.png?w=777&amp;ssl=1 777w, https:\/\/i0.wp.com\/tiledesk.com\/wp-content\/uploads\/2022\/10\/Try-the-Chatbot-1.png?resize=300%2C149&amp;ssl=1 300w, https:\/\/i0.wp.com\/tiledesk.com\/wp-content\/uploads\/2022\/10\/Try-the-Chatbot-1.png?resize=768%2C385&amp;ssl=1 768w, https:\/\/i0.wp.com\/tiledesk.com\/wp-content\/uploads\/2022\/10\/Try-the-Chatbot-1.png?resize=260%2C129&amp;ssl=1 260w, https:\/\/i0.wp.com\/tiledesk.com\/wp-content\/uploads\/2022\/10\/Try-the-Chatbot-1.png?resize=50%2C25&amp;ssl=1 50w, https:\/\/i0.wp.com\/tiledesk.com\/wp-content\/uploads\/2022\/10\/Try-the-Chatbot-1.png?resize=150%2C75&amp;ssl=1 150w\" sizes=\"auto, (max-width:767px) 226px, 226px\" \/>[\/vc_column_text][vc_btn title=&#8221;Ottieni questo Template&#8221; style=&#8221;flat&#8221; shape=&#8221;round&#8221; color=&#8221;orange&#8221; size=&#8221;lg&#8221; align=&#8221;center&#8221; button_block=&#8221;true&#8221; link=&#8221;url:https%3A%2F%2Fpanel.tiledesk.com%2Fv3%2Fdashboard%2F%23%2Fget-chatbot%2F651a87648cb2c70013d80d8b%3Ftn%3DBoost%20Engagement%20Chatbot|target:_blank|&#8221;][vc_empty_space height=&#8221;0px&#8221;][\/vc_column][vc_column width=&#8221;1\/3&#8243;][vc_empty_space height=&#8221;180px&#8221;][vc_message message_box_style=&#8221;solid-icon&#8221; icon_fontawesome=&#8221;fas fa-sort-amount-up&#8221; el_class=&#8221;icona_template&#8221;]Coinvolgi i visitatori del tuo sito[\/vc_message][vc_message message_box_style=&#8221;solid-icon&#8221; icon_type=&#8221;openiconic&#8221; el_class=&#8221;icona_template&#8221; icon_openiconic=&#8221;vc-oi vc-oi-video&#8221;]Ottieni pi\u00f9 richieste di demo[\/vc_message][vc_message message_box_style=&#8221;solid-icon&#8221; icon_fontawesome=&#8221;fas fa-compress-arrows-alt&#8221; el_class=&#8221;icona_template&#8221;]Genera pi\u00f9 lead[\/vc_message][vc_message message_box_style=&#8221;solid-icon&#8221; icon_fontawesome=&#8221;fas fa-star-half-alt&#8221; el_class=&#8221;icona_template&#8221;]Aumenta la soddisfazione dei clienti[\/vc_message][\/vc_column][\/vc_row][vc_row full_width=&#8221;stretch_row&#8221; css=&#8221;.vc_custom_1666860372935{background-color: #fff8f7 !important;}&#8221;][vc_column width=&#8221;2\/3&#8243;][vc_empty_space height=&#8221;10px&#8221;][vc_custom_heading text=&#8221;Pi\u00f9 dettagli su questo template&#8221; font_container=&#8221;tag:h3|font_size:30|text_align:left|color:%23000000|line_height:40px&#8221; google_fonts=&#8221;font_family:Roboto%3A100%2C100italic%2C300%2C300italic%2Cregular%2Citalic%2C500%2C500italic%2C700%2C700italic%2C900%2C900italic|font_style:900%20bold%20regular%3A900%3Anormal&#8221;][vc_custom_heading text=&#8221;Il chatbot proattivo ti aiuter\u00e0 a incrementare le tue richieste di demo con un messaggio pre-progettato efficace. Motiver\u00e0 i tuoi clienti a iniziare una conversazione con te e li guider\u00e0 alla tua pagina dei prezzi o li metter\u00e0 in contatto con uno dei membri del tuo team di vendita. &#8221; font_container=&#8221;tag:h4|font_size:20|text_align:left|color:%23000000|line_height:30px&#8221; google_fonts=&#8221;font_family:Roboto%3A100%2C100italic%2C300%2C300italic%2Cregular%2Citalic%2C500%2C500italic%2C700%2C700italic%2C900%2C900italic|font_style:300%20light%20regular%3A300%3Anormal&#8221;][vc_empty_space][\/vc_column][vc_column width=&#8221;1\/3&#8243; el_class=&#8221;box_arancio&#8221;][vc_custom_heading text=&#8221;Caratteristiche del template&#8221; font_container=&#8221;tag:h3|font_size:30|text_align:left|color:%23ffffff|line_height:40px&#8221; google_fonts=&#8221;font_family:Roboto%3A100%2C100italic%2C300%2C300italic%2Cregular%2Citalic%2C500%2C500italic%2C700%2C700italic%2C900%2C900italic|font_style:900%20bold%20regular%3A900%3Anormal&#8221;][vc_column_text]<\/p>\n<ul>\n<li>Genera pi\u00f9 lead<\/li>\n<li>Coinvolgi i tuoi clienti<\/li>\n<li>Guida i tuoi clienti<\/li>\n<li>Supporta il tuo team di vendita<\/li>\n<\/ul>\n<p>[\/vc_column_text][\/vc_column][\/vc_row][vc_row][vc_column][vc_custom_heading text=&#8221;Integrazioni&#8221; font_container=&#8221;tag:h3|font_size:30|text_align:center|color:%23000000|line_height:40px&#8221; google_fonts=&#8221;font_family:Roboto%3A100%2C100italic%2C300%2C300italic%2Cregular%2Citalic%2C500%2C500italic%2C700%2C700italic%2C900%2C900italic|font_style:900%20bold%20regular%3A900%3Anormal&#8221;][vc_custom_heading text=&#8221;Una volta progettati, puoi eseguire i tuoi chatbot no-code illimitati su ogni canale di comunicazione che preferisci.<br \/>\nChe sia <strong>WhatsApp<\/strong>, <strong>Telegram<\/strong> o <strong>Facebook Messenger.<\/strong><br \/>\nSenza ulteriori clic o azioni.&#8221; font_container=&#8221;tag:h4|font_size:20|text_align:center|color:%23000000|line_height:30px&#8221; google_fonts=&#8221;font_family:Roboto%3A100%2C100italic%2C300%2C300italic%2Cregular%2Citalic%2C500%2C500italic%2C700%2C700italic%2C900%2C900italic|font_style:300%20light%20regular%3A300%3Anormal&#8221;][vc_column_text]<img data-recalc-dims=\"1\" loading=\"lazy\" decoding=\"async\" class=\"aligncenter wp-image-8890 size-full\" title=\"template chatbot sconto\" src=\"https:\/\/i0.wp.com\/tiledesk.com\/wp-content\/uploads\/2022\/10\/Integrations_facebook_wordpress_telegram_cms.png?resize=1220%2C551&#038;ssl=1\" alt=\"template chatbot sconto\" width=\"1220\" height=\"551\" srcset=\"https:\/\/i0.wp.com\/tiledesk.com\/wp-content\/uploads\/2022\/10\/Integrations_facebook_wordpress_telegram_cms.png?w=2000&amp;ssl=1 2000w, https:\/\/i0.wp.com\/tiledesk.com\/wp-content\/uploads\/2022\/10\/Integrations_facebook_wordpress_telegram_cms.png?resize=300%2C135&amp;ssl=1 300w, https:\/\/i0.wp.com\/tiledesk.com\/wp-content\/uploads\/2022\/10\/Integrations_facebook_wordpress_telegram_cms.png?resize=1024%2C462&amp;ssl=1 1024w, https:\/\/i0.wp.com\/tiledesk.com\/wp-content\/uploads\/2022\/10\/Integrations_facebook_wordpress_telegram_cms.png?resize=768%2C347&amp;ssl=1 768w, https:\/\/i0.wp.com\/tiledesk.com\/wp-content\/uploads\/2022\/10\/Integrations_facebook_wordpress_telegram_cms.png?resize=1536%2C694&amp;ssl=1 1536w, https:\/\/i0.wp.com\/tiledesk.com\/wp-content\/uploads\/2022\/10\/Integrations_facebook_wordpress_telegram_cms.png?resize=1200%2C542&amp;ssl=1 1200w, https:\/\/i0.wp.com\/tiledesk.com\/wp-content\/uploads\/2022\/10\/Integrations_facebook_wordpress_telegram_cms.png?resize=260%2C117&amp;ssl=1 260w, https:\/\/i0.wp.com\/tiledesk.com\/wp-content\/uploads\/2022\/10\/Integrations_facebook_wordpress_telegram_cms.png?resize=50%2C23&amp;ssl=1 50w, https:\/\/i0.wp.com\/tiledesk.com\/wp-content\/uploads\/2022\/10\/Integrations_facebook_wordpress_telegram_cms.png?resize=150%2C68&amp;ssl=1 150w\" sizes=\"auto, (max-width:767px) 480px, (max-width:2000px) 100vw, 2000px\" \/>[\/vc_column_text][vc_row_inner][vc_column_inner width=&#8221;1\/3&#8243;][\/vc_column_inner][vc_column_inner width=&#8221;1\/3&#8243;][vc_btn title=&#8221;Ottieni questo Template&#8221; style=&#8221;flat&#8221; shape=&#8221;round&#8221; color=&#8221;orange&#8221; size=&#8221;lg&#8221; align=&#8221;center&#8221; button_block=&#8221;true&#8221; link=&#8221;url:https%3A%2F%2Fpanel.tiledesk.com%2Fv3%2Fdashboard%2F%23%2Fget-chatbot%2F651a87648cb2c70013d80d8b%3Ftn%3DBoost%20Engagement%20Chatbot|target:_blank|&#8221;][\/vc_column_inner][vc_column_inner width=&#8221;1\/3&#8243;][\/vc_column_inner][\/vc_row_inner][\/vc_column][\/vc_row][vc_row full_width=&#8221;stretch_row&#8221; css=&#8221;.vc_custom_1666873986042{background-color: #fff8f7 !important;}&#8221;][vc_column][vc_custom_heading text=&#8221;Domande frequenti&#8221; font_container=&#8221;tag:h3|font_size:30|text_align:center|color:%23000000|line_height:40px&#8221; google_fonts=&#8221;font_family:Roboto%3A100%2C100italic%2C300%2C300italic%2Cregular%2Citalic%2C500%2C500italic%2C700%2C700italic%2C900%2C900italic|font_style:900%20bold%20regular%3A900%3Anormal&#8221;][vc_row_inner][vc_column_inner width=&#8221;1\/2&#8243;][vc_toggle title=&#8221;Come attivo questo template di chatbot?&#8221; style=&#8221;simple&#8221;]Il contenuto toggle va qui, clicca il pulsante modifica per cambiare questo testo.[\/vc_toggle][vc_toggle title=&#8221;I template di chatbot sono gratuiti?&#8221; style=&#8221;simple&#8221;]Il contenuto toggle va qui, clicca il pulsante modifica per cambiare questo testo.[\/vc_toggle][vc_toggle title=&#8221;Posso modificare questo template?&#8221; style=&#8221;simple&#8221;]Il contenuto toggle va qui, clicca il pulsante modifica per cambiare questo testo.[\/vc_toggle][\/vc_column_inner][vc_column_inner width=&#8221;1\/2&#8243;][vc_toggle title=&#8221;Qual \u00e8 il numero massimo di template di chatbot che posso ottenere?&#8221; style=&#8221;simple&#8221;]Il contenuto toggle va qui, clicca il pulsante modifica per cambiare questo testo.[\/vc_toggle][vc_toggle title=&#8221;Cosa significa progettazione di chatbot no-code?&#8221; style=&#8221;simple&#8221;]Cosa significa progettazione di chatbot no-code?[\/vc_toggle][\/vc_column_inner][\/vc_row_inner][\/vc_column][\/vc_row]<\/p>\n<\/div>","protected":false},"excerpt":{"rendered":"<p>[vc_row][vc_column][vc_empty_space height=&#8221;12px&#8221;][vc_custom_heading text=&#8221;Template Chatbot Gratuito per Aumentare il Coinvolgimento&#8221; font_container=&#8221;tag:h2|font_size:50|text_align:center|color:rgba(37%2C37%2C42%2C0.96)|line_height:60px&#8221; use_theme_fonts=&#8221;yes&#8221;][vc_custom_heading text=&#8221;Aumenta il coinvolgimento del tuo sito web con un bot proattivo che invita i visitatori<span class=\"excerpt-hellip\"> [\u2026]<\/span><\/p>\n","protected":false},"author":188999835,"featured_media":0,"parent":23103,"menu_order":0,"comment_status":"closed","ping_status":"closed","template":"","meta":{"content-type":"","inline_featured_image":false,"_monsterinsights_skip_tracking":false,"_monsterinsights_sitenote_active":false,"_monsterinsights_sitenote_note":"","_monsterinsights_sitenote_category":0,"footnotes":""},"class_list":["post-23151","page","type-page","status-publish","hentry"],"yoast_head":"<!-- This site is optimized with the Yoast SEO plugin v27.3 - https:\/\/yoast.com\/product\/yoast-seo-wordpress\/ -->\n<title>Template per Bot di Prenotazione Demo Proattivo | Tiledesk<\/title>\n<meta name=\"description\" content=\"Il Template Chatbot Sconto \u00e8 gi\u00e0 progettato dai nostri esperti per promuovere i tuoi prodotti e generare contemporaneamente lead. \u00c8 gratis al 100%.\" \/>\n<meta name=\"robots\" content=\"index, follow, max-snippet:-1, max-image-preview:large, max-video-preview:-1\" \/>\n<link rel=\"canonical\" href=\"https:\/\/tiledesk.com\/it\/template-per-chatbot\/template-per-bot-di-prenotazione-demo-proattivo\/\" \/>\n<meta property=\"og:locale\" content=\"it_IT\" \/>\n<meta property=\"og:type\" content=\"article\" \/>\n<meta property=\"og:title\" content=\"Template per Bot di Prenotazione Demo Proattivo | Tiledesk\" \/>\n<meta property=\"og:description\" content=\"Il Template Chatbot Sconto \u00e8 gi\u00e0 progettato dai nostri esperti per promuovere i tuoi prodotti e generare contemporaneamente lead. \u00c8 gratis al 100%.\" \/>\n<meta property=\"og:url\" content=\"https:\/\/tiledesk.com\/it\/template-per-chatbot\/template-per-bot-di-prenotazione-demo-proattivo\/\" \/>\n<meta property=\"og:site_name\" content=\"Tiledesk\" \/>\n<meta property=\"article:publisher\" content=\"https:\/\/www.facebook.com\/tiledesk\/\" \/>\n<meta property=\"article:modified_time\" content=\"2025-04-28T12:30:29+00:00\" \/>\n<meta property=\"og:image\" content=\"https:\/\/tiledesk.com\/wp-content\/uploads\/2022\/11\/discount-chatbot-template-300x285.png\" \/>\n<meta name=\"twitter:card\" content=\"summary_large_image\" \/>\n<meta name=\"twitter:label1\" content=\"Tempo di lettura stimato\" \/>\n\t<meta name=\"twitter:data1\" content=\"5 minuti\" \/>\n<script type=\"application\/ld+json\" class=\"yoast-schema-graph\">{\"@context\":\"https:\\\/\\\/schema.org\",\"@graph\":[{\"@type\":\"WebPage\",\"@id\":\"https:\\\/\\\/tiledesk.com\\\/it\\\/template-per-chatbot\\\/template-per-bot-di-prenotazione-demo-proattivo\\\/\",\"url\":\"https:\\\/\\\/tiledesk.com\\\/it\\\/template-per-chatbot\\\/template-per-bot-di-prenotazione-demo-proattivo\\\/\",\"name\":\"Template per Bot di Prenotazione Demo Proattivo | Tiledesk\",\"isPartOf\":{\"@id\":\"https:\\\/\\\/tiledesk.com\\\/it\\\/#website\"},\"primaryImageOfPage\":{\"@id\":\"https:\\\/\\\/tiledesk.com\\\/it\\\/template-per-chatbot\\\/template-per-bot-di-prenotazione-demo-proattivo\\\/#primaryimage\"},\"image\":{\"@id\":\"https:\\\/\\\/tiledesk.com\\\/it\\\/template-per-chatbot\\\/template-per-bot-di-prenotazione-demo-proattivo\\\/#primaryimage\"},\"thumbnailUrl\":\"https:\\\/\\\/tiledesk.com\\\/wp-content\\\/uploads\\\/2022\\\/11\\\/discount-chatbot-template-300x285.png\",\"datePublished\":\"2022-11-15T16:21:58+00:00\",\"dateModified\":\"2025-04-28T12:30:29+00:00\",\"description\":\"Il Template Chatbot Sconto \u00e8 gi\u00e0 progettato dai nostri esperti per promuovere i tuoi prodotti e generare contemporaneamente lead. \u00c8 gratis al 100%.\",\"breadcrumb\":{\"@id\":\"https:\\\/\\\/tiledesk.com\\\/it\\\/template-per-chatbot\\\/template-per-bot-di-prenotazione-demo-proattivo\\\/#breadcrumb\"},\"inLanguage\":\"it-IT\",\"potentialAction\":[{\"@type\":\"ReadAction\",\"target\":[\"https:\\\/\\\/tiledesk.com\\\/it\\\/template-per-chatbot\\\/template-per-bot-di-prenotazione-demo-proattivo\\\/\"]}]},{\"@type\":\"ImageObject\",\"inLanguage\":\"it-IT\",\"@id\":\"https:\\\/\\\/tiledesk.com\\\/it\\\/template-per-chatbot\\\/template-per-bot-di-prenotazione-demo-proattivo\\\/#primaryimage\",\"url\":\"https:\\\/\\\/tiledesk.com\\\/wp-content\\\/uploads\\\/2022\\\/11\\\/discount-chatbot-template-300x285.png\",\"contentUrl\":\"https:\\\/\\\/tiledesk.com\\\/wp-content\\\/uploads\\\/2022\\\/11\\\/discount-chatbot-template-300x285.png\"},{\"@type\":\"BreadcrumbList\",\"@id\":\"https:\\\/\\\/tiledesk.com\\\/it\\\/template-per-chatbot\\\/template-per-bot-di-prenotazione-demo-proattivo\\\/#breadcrumb\",\"itemListElement\":[{\"@type\":\"ListItem\",\"position\":1,\"name\":\"Home\",\"item\":\"https:\\\/\\\/tiledesk.com\\\/it\\\/\"},{\"@type\":\"ListItem\",\"position\":2,\"name\":\"Template per Chatbot\",\"item\":\"https:\\\/\\\/tiledesk.com\\\/it\\\/template-per-chatbot\\\/\"},{\"@type\":\"ListItem\",\"position\":3,\"name\":\"Template per Bot di Prenotazione Demo Proattivo\"}]},{\"@type\":\"WebSite\",\"@id\":\"https:\\\/\\\/tiledesk.com\\\/it\\\/#website\",\"url\":\"https:\\\/\\\/tiledesk.com\\\/it\\\/\",\"name\":\"Tiledesk\",\"description\":\"Conversational Automation for Customer Engagement\",\"publisher\":{\"@id\":\"https:\\\/\\\/tiledesk.com\\\/it\\\/#organization\"},\"potentialAction\":[{\"@type\":\"SearchAction\",\"target\":{\"@type\":\"EntryPoint\",\"urlTemplate\":\"https:\\\/\\\/tiledesk.com\\\/it\\\/?s={search_term_string}\"},\"query-input\":{\"@type\":\"PropertyValueSpecification\",\"valueRequired\":true,\"valueName\":\"search_term_string\"}}],\"inLanguage\":\"it-IT\"},{\"@type\":\"Organization\",\"@id\":\"https:\\\/\\\/tiledesk.com\\\/it\\\/#organization\",\"name\":\"Tiledesk\",\"url\":\"https:\\\/\\\/tiledesk.com\\\/it\\\/\",\"logo\":{\"@type\":\"ImageObject\",\"inLanguage\":\"it-IT\",\"@id\":\"https:\\\/\\\/tiledesk.com\\\/it\\\/#\\\/schema\\\/logo\\\/image\\\/\",\"url\":\"https:\\\/\\\/i0.wp.com\\\/tiledesk.com\\\/wp-content\\\/uploads\\\/2022\\\/07\\\/tiledesk_website.png?fit=3420%2C1038&ssl=1\",\"contentUrl\":\"https:\\\/\\\/i0.wp.com\\\/tiledesk.com\\\/wp-content\\\/uploads\\\/2022\\\/07\\\/tiledesk_website.png?fit=3420%2C1038&ssl=1\",\"width\":3420,\"height\":1038,\"caption\":\"Tiledesk\"},\"image\":{\"@id\":\"https:\\\/\\\/tiledesk.com\\\/it\\\/#\\\/schema\\\/logo\\\/image\\\/\"},\"sameAs\":[\"https:\\\/\\\/www.facebook.com\\\/tiledesk\\\/\"]}]}<\/script>\n<!-- \/ Yoast SEO plugin. -->","yoast_head_json":{"title":"Template per Bot di Prenotazione Demo Proattivo | Tiledesk","description":"Il Template Chatbot Sconto \u00e8 gi\u00e0 progettato dai nostri esperti per promuovere i tuoi prodotti e generare contemporaneamente lead. \u00c8 gratis al 100%.","robots":{"index":"index","follow":"follow","max-snippet":"max-snippet:-1","max-image-preview":"max-image-preview:large","max-video-preview":"max-video-preview:-1"},"canonical":"https:\/\/tiledesk.com\/it\/template-per-chatbot\/template-per-bot-di-prenotazione-demo-proattivo\/","og_locale":"it_IT","og_type":"article","og_title":"Template per Bot di Prenotazione Demo Proattivo | Tiledesk","og_description":"Il Template Chatbot Sconto \u00e8 gi\u00e0 progettato dai nostri esperti per promuovere i tuoi prodotti e generare contemporaneamente lead. \u00c8 gratis al 100%.","og_url":"https:\/\/tiledesk.com\/it\/template-per-chatbot\/template-per-bot-di-prenotazione-demo-proattivo\/","og_site_name":"Tiledesk","article_publisher":"https:\/\/www.facebook.com\/tiledesk\/","article_modified_time":"2025-04-28T12:30:29+00:00","og_image":[{"url":"https:\/\/tiledesk.com\/wp-content\/uploads\/2022\/11\/discount-chatbot-template-300x285.png","type":"","width":"","height":""}],"twitter_card":"summary_large_image","twitter_misc":{"Tempo di lettura stimato":"5 minuti"},"schema":{"@context":"https:\/\/schema.org","@graph":[{"@type":"WebPage","@id":"https:\/\/tiledesk.com\/it\/template-per-chatbot\/template-per-bot-di-prenotazione-demo-proattivo\/","url":"https:\/\/tiledesk.com\/it\/template-per-chatbot\/template-per-bot-di-prenotazione-demo-proattivo\/","name":"Template per Bot di Prenotazione Demo Proattivo | Tiledesk","isPartOf":{"@id":"https:\/\/tiledesk.com\/it\/#website"},"primaryImageOfPage":{"@id":"https:\/\/tiledesk.com\/it\/template-per-chatbot\/template-per-bot-di-prenotazione-demo-proattivo\/#primaryimage"},"image":{"@id":"https:\/\/tiledesk.com\/it\/template-per-chatbot\/template-per-bot-di-prenotazione-demo-proattivo\/#primaryimage"},"thumbnailUrl":"https:\/\/tiledesk.com\/wp-content\/uploads\/2022\/11\/discount-chatbot-template-300x285.png","datePublished":"2022-11-15T16:21:58+00:00","dateModified":"2025-04-28T12:30:29+00:00","description":"Il Template Chatbot Sconto \u00e8 gi\u00e0 progettato dai nostri esperti per promuovere i tuoi prodotti e generare contemporaneamente lead. \u00c8 gratis al 100%.","breadcrumb":{"@id":"https:\/\/tiledesk.com\/it\/template-per-chatbot\/template-per-bot-di-prenotazione-demo-proattivo\/#breadcrumb"},"inLanguage":"it-IT","potentialAction":[{"@type":"ReadAction","target":["https:\/\/tiledesk.com\/it\/template-per-chatbot\/template-per-bot-di-prenotazione-demo-proattivo\/"]}]},{"@type":"ImageObject","inLanguage":"it-IT","@id":"https:\/\/tiledesk.com\/it\/template-per-chatbot\/template-per-bot-di-prenotazione-demo-proattivo\/#primaryimage","url":"https:\/\/tiledesk.com\/wp-content\/uploads\/2022\/11\/discount-chatbot-template-300x285.png","contentUrl":"https:\/\/tiledesk.com\/wp-content\/uploads\/2022\/11\/discount-chatbot-template-300x285.png"},{"@type":"BreadcrumbList","@id":"https:\/\/tiledesk.com\/it\/template-per-chatbot\/template-per-bot-di-prenotazione-demo-proattivo\/#breadcrumb","itemListElement":[{"@type":"ListItem","position":1,"name":"Home","item":"https:\/\/tiledesk.com\/it\/"},{"@type":"ListItem","position":2,"name":"Template per Chatbot","item":"https:\/\/tiledesk.com\/it\/template-per-chatbot\/"},{"@type":"ListItem","position":3,"name":"Template per Bot di Prenotazione Demo Proattivo"}]},{"@type":"WebSite","@id":"https:\/\/tiledesk.com\/it\/#website","url":"https:\/\/tiledesk.com\/it\/","name":"Tiledesk","description":"Conversational Automation for Customer Engagement","publisher":{"@id":"https:\/\/tiledesk.com\/it\/#organization"},"potentialAction":[{"@type":"SearchAction","target":{"@type":"EntryPoint","urlTemplate":"https:\/\/tiledesk.com\/it\/?s={search_term_string}"},"query-input":{"@type":"PropertyValueSpecification","valueRequired":true,"valueName":"search_term_string"}}],"inLanguage":"it-IT"},{"@type":"Organization","@id":"https:\/\/tiledesk.com\/it\/#organization","name":"Tiledesk","url":"https:\/\/tiledesk.com\/it\/","logo":{"@type":"ImageObject","inLanguage":"it-IT","@id":"https:\/\/tiledesk.com\/it\/#\/schema\/logo\/image\/","url":"https:\/\/i0.wp.com\/tiledesk.com\/wp-content\/uploads\/2022\/07\/tiledesk_website.png?fit=3420%2C1038&ssl=1","contentUrl":"https:\/\/i0.wp.com\/tiledesk.com\/wp-content\/uploads\/2022\/07\/tiledesk_website.png?fit=3420%2C1038&ssl=1","width":3420,"height":1038,"caption":"Tiledesk"},"image":{"@id":"https:\/\/tiledesk.com\/it\/#\/schema\/logo\/image\/"},"sameAs":["https:\/\/www.facebook.com\/tiledesk\/"]}]}},"jetpack_shortlink":"https:\/\/wp.me\/PcfkHd-61p","jetpack_sharing_enabled":true,"_links":{"self":[{"href":"https:\/\/tiledesk.com\/it\/wp-json\/wp\/v2\/pages\/23151","targetHints":{"allow":["GET"]}}],"collection":[{"href":"https:\/\/tiledesk.com\/it\/wp-json\/wp\/v2\/pages"}],"about":[{"href":"https:\/\/tiledesk.com\/it\/wp-json\/wp\/v2\/types\/page"}],"author":[{"embeddable":true,"href":"https:\/\/tiledesk.com\/it\/wp-json\/wp\/v2\/users\/188999835"}],"replies":[{"embeddable":true,"href":"https:\/\/tiledesk.com\/it\/wp-json\/wp\/v2\/comments?post=23151"}],"version-history":[{"count":2,"href":"https:\/\/tiledesk.com\/it\/wp-json\/wp\/v2\/pages\/23151\/revisions"}],"predecessor-version":[{"id":23153,"href":"https:\/\/tiledesk.com\/it\/wp-json\/wp\/v2\/pages\/23151\/revisions\/23153"}],"up":[{"embeddable":true,"href":"https:\/\/tiledesk.com\/it\/wp-json\/wp\/v2\/pages\/23103"}],"wp:attachment":[{"href":"https:\/\/tiledesk.com\/it\/wp-json\/wp\/v2\/media?parent=23151"}],"curies":[{"name":"wp","href":"https:\/\/api.w.org\/{rel}","templated":true}]}}