{"id":23174,"date":"2022-10-03T19:13:32","date_gmt":"2022-10-03T17:13:32","guid":{"rendered":"https:\/\/tiledesk.com\/ticketing-conversazionale\/"},"modified":"2025-10-08T17:35:58","modified_gmt":"2025-10-08T15:35:58","slug":"ticketing-conversazionale","status":"publish","type":"page","link":"https:\/\/tiledesk.com\/it\/ticketing-conversazionale\/","title":{"rendered":"Ticketing conversazionale"},"content":{"rendered":"<div class=\"wpb-content-wrapper\"><p>[vc_row][vc_column][vc_empty_space height=&#8221;0&#8243;][vc_custom_heading text=&#8221;Sistema di Ticketing Conversazionale&#8221; font_container=&#8221;tag:h1|font_size:50|text_align:center|color:%23000000|line_height:60px&#8221; google_fonts=&#8221;font_family:Roboto%3A100%2C100italic%2C300%2C300italic%2Cregular%2Citalic%2C500%2C500italic%2C700%2C700italic%2C900%2C900italic|font_style:900%20bold%20regular%3A900%3Anormal&#8221;][vc_custom_heading text=&#8221;Converti le tue chat in ticket di supporto&#8221; font_container=&#8221;tag:h3|font_size:40|text_align:center|color:%23000000|line_height:30px&#8221; google_fonts=&#8221;font_family:Roboto%3A100%2C100italic%2C300%2C300italic%2Cregular%2Citalic%2C500%2C500italic%2C700%2C700italic%2C900%2C900italic|font_style:300%20light%20regular%3A300%3Anormal&#8221;][vc_empty_space height=&#8221;0&#8243;][vc_column_text]<img data-recalc-dims=\"1\" loading=\"lazy\" decoding=\"async\" class=\"aligncenter wp-image-7906 size-full\" title=\"sistema di ticketing conversazionale\" src=\"https:\/\/i0.wp.com\/tiledesk.com\/wp-content\/uploads\/2022\/10\/Conversational-Ticketing.png?resize=1220%2C576&#038;ssl=1\" alt=\"sistema di ticketing conversazionale\" width=\"1220\" height=\"576\" srcset=\"https:\/\/i0.wp.com\/tiledesk.com\/wp-content\/uploads\/2022\/10\/Conversational-Ticketing.png?w=1844&amp;ssl=1 1844w, https:\/\/i0.wp.com\/tiledesk.com\/wp-content\/uploads\/2022\/10\/Conversational-Ticketing.png?resize=300%2C142&amp;ssl=1 300w, https:\/\/i0.wp.com\/tiledesk.com\/wp-content\/uploads\/2022\/10\/Conversational-Ticketing.png?resize=1024%2C483&amp;ssl=1 1024w, https:\/\/i0.wp.com\/tiledesk.com\/wp-content\/uploads\/2022\/10\/Conversational-Ticketing.png?resize=768%2C362&amp;ssl=1 768w, https:\/\/i0.wp.com\/tiledesk.com\/wp-content\/uploads\/2022\/10\/Conversational-Ticketing.png?resize=1536%2C725&amp;ssl=1 1536w, https:\/\/i0.wp.com\/tiledesk.com\/wp-content\/uploads\/2022\/10\/Conversational-Ticketing.png?resize=1200%2C566&amp;ssl=1 1200w, https:\/\/i0.wp.com\/tiledesk.com\/wp-content\/uploads\/2022\/10\/Conversational-Ticketing.png?resize=260%2C123&amp;ssl=1 260w, https:\/\/i0.wp.com\/tiledesk.com\/wp-content\/uploads\/2022\/10\/Conversational-Ticketing.png?resize=50%2C24&amp;ssl=1 50w, https:\/\/i0.wp.com\/tiledesk.com\/wp-content\/uploads\/2022\/10\/Conversational-Ticketing.png?resize=150%2C71&amp;ssl=1 150w\" sizes=\"auto, (max-width:767px) 480px, (max-width:1844px) 100vw, 1844px\" \/>[\/vc_column_text][vc_empty_space height=&#8221;0&#8243;][vc_custom_heading text=&#8221;Gestisci il tuo servizio clienti in modo fluido<br \/>\nAssegna le richieste dei clienti che non puoi risolvere immediatamente attraverso il nostro<br \/>\nsistema di ticketing conversazionale&#8221; font_container=&#8221;tag:h3|font_size:30|text_align:center|color:%23000000|line_height:40px&#8221; google_fonts=&#8221;font_family:Roboto%3A100%2C100italic%2C300%2C300italic%2Cregular%2Citalic%2C500%2C500italic%2C700%2C700italic%2C900%2C900italic|font_style:300%20light%20regular%3A300%3Anormal&#8221;][\/vc_column][\/vc_row][vc_row full_width=&#8221;stretch_row&#8221; css=&#8221;.vc_custom_1663668607331{background-color: #fff8f7 !important;}&#8221;][vc_column][vc_custom_heading text=&#8221;Rispondi offline per rendere felici i tuoi clienti!&#8221; font_container=&#8221;tag:h2|font_size:50|text_align:center|color:%23000000|line_height:60px&#8221; google_fonts=&#8221;font_family:Roboto%3A100%2C100italic%2C300%2C300italic%2Cregular%2Citalic%2C500%2C500italic%2C700%2C700italic%2C900%2C900italic|font_style:900%20bold%20regular%3A900%3Anormal&#8221;][vc_custom_heading text=&#8221;Non riesci a risolvere un ticket online?<\/p>\n<p>Non preoccuparti! Anche se il tuo visitatore si \u00e8 disconnesso, puoi rispondere pi\u00f9 tardi via mail e dargli la possibilit\u00e0 di chattare di nuovo con te per ulteriori informazioni&#8221; font_container=&#8221;tag:h3|font_size:30|text_align:center|color:%23000000|line_height:40px&#8221; google_fonts=&#8221;font_family:Roboto%3A100%2C100italic%2C300%2C300italic%2Cregular%2Citalic%2C500%2C500italic%2C700%2C700italic%2C900%2C900italic|font_style:300%20light%20regular%3A300%3Anormal&#8221;][vc_empty_space height=&#8221;0&#8243;][\/vc_column][\/vc_row][vc_row][vc_column width=&#8221;1\/3&#8243;][vc_icon icon_fontawesome=&#8221;fas fa-ticket-alt&#8221; color=&#8221;white&#8221; background_style=&#8221;rounded&#8221; background_color=&#8221;orange&#8221; size=&#8221;lg&#8221; align=&#8221;center&#8221; css=&#8221;.vc_custom_1663669035887{padding-bottom: 0px !important;}&#8221;][vc_custom_heading text=&#8221;Trasforma le tue email di supporto in ticket&#8221; font_container=&#8221;tag:h3|font_size:30|text_align:center|color:%23000000|line_height:40px&#8221; google_fonts=&#8221;font_family:Roboto%3A100%2C100italic%2C300%2C300italic%2Cregular%2Citalic%2C500%2C500italic%2C700%2C700italic%2C900%2C900italic|font_style:300%20light%20regular%3A300%3Anormal&#8221;][\/vc_column][vc_column width=&#8221;1\/3&#8243;][vc_icon icon_fontawesome=&#8221;fas fa-users&#8221; color=&#8221;white&#8221; background_style=&#8221;rounded&#8221; background_color=&#8221;orange&#8221; size=&#8221;lg&#8221; align=&#8221;center&#8221; css=&#8221;.vc_custom_1663669112843{padding-bottom: 0px !important;}&#8221;][vc_custom_heading text=&#8221;Organizza il flusso di lavoro del tuo team di assistenza clienti&#8221; font_container=&#8221;tag:h3|font_size:30|text_align:center|color:%23000000|line_height:40px&#8221; google_fonts=&#8221;font_family:Roboto%3A100%2C100italic%2C300%2C300italic%2Cregular%2Citalic%2C500%2C500italic%2C700%2C700italic%2C900%2C900italic|font_style:300%20light%20regular%3A300%3Anormal&#8221;][\/vc_column][vc_column width=&#8221;1\/3&#8243;][vc_icon icon_fontawesome=&#8221;fas fa-hdd&#8221; color=&#8221;white&#8221; background_style=&#8221;rounded&#8221; background_color=&#8221;orange&#8221; size=&#8221;lg&#8221; align=&#8221;center&#8221; css=&#8221;.vc_custom_1663669131901{padding-bottom: 0px !important;}&#8221;][vc_custom_heading text=&#8221;Tieni tutte le email e le richieste di supporto in<br \/>\nun unico posto&#8221; font_container=&#8221;tag:h3|font_size:30|text_align:center|color:%23000000|line_height:40px&#8221; google_fonts=&#8221;font_family:Roboto%3A100%2C100italic%2C300%2C300italic%2Cregular%2Citalic%2C500%2C500italic%2C700%2C700italic%2C900%2C900italic|font_style:300%20light%20regular%3A300%3Anormal&#8221;][\/vc_column][\/vc_row][vc_row full_width=&#8221;stretch_row&#8221; css=&#8221;.vc_custom_1663668607331{background-color: #fff8f7 !important;}&#8221;][vc_column][vc_custom_heading text=&#8221;Ticketing Conversazionale per aumentare la Soddisfazione del Cliente<br \/>\ne rendere il tuo team di supporto pi\u00f9 efficiente&#8221; font_container=&#8221;tag:h2|font_size:40|text_align:center|color:%23000000|line_height:50px&#8221; google_fonts=&#8221;font_family:Roboto%3A100%2C100italic%2C300%2C300italic%2Cregular%2Citalic%2C500%2C500italic%2C700%2C700italic%2C900%2C900italic|font_style:900%20bold%20regular%3A900%3Anormal&#8221;][vc_empty_space height=&#8221;0&#8243;][vc_row_inner][vc_column_inner width=&#8221;1\/4&#8243;][\/vc_column_inner][vc_column_inner width=&#8221;1\/2&#8243;][vc_btn title=&#8221;Richiedi la tua consulenza gratuita&#8221; style=&#8221;outline&#8221; shape=&#8221;round&#8221; color=&#8221;primary&#8221; size=&#8221;lg&#8221; align=&#8221;center&#8221; css=&#8221;&#8221; button_block=&#8221;true&#8221; link=&#8221;url:https%3A%2F%2Ftiledesk.com%2Fit%2Fdemo-gratuita%2F|target:_blank&#8221;][\/vc_column_inner][vc_column_inner width=&#8221;1\/4&#8243;][\/vc_column_inner][\/vc_row_inner][\/vc_column][\/vc_row]<\/p>\n<\/div>","protected":false},"excerpt":{"rendered":"<p>[vc_row][vc_column][vc_empty_space height=&#8221;0&#8243;][vc_custom_heading text=&#8221;Sistema di Ticketing Conversazionale&#8221; font_container=&#8221;tag:h1|font_size:50|text_align:center|color:%23000000|line_height:60px&#8221; google_fonts=&#8221;font_family:Roboto%3A100%2C100italic%2C300%2C300italic%2Cregular%2Citalic%2C500%2C500italic%2C700%2C700italic%2C900%2C900italic|font_style:900%20bold%20regular%3A900%3Anormal&#8221;][vc_custom_heading text=&#8221;Converti le tue chat in ticket di supporto&#8221; font_container=&#8221;tag:h3|font_size:40|text_align:center|color:%23000000|line_height:30px&#8221; google_fonts=&#8221;font_family:Roboto%3A100%2C100italic%2C300%2C300italic%2Cregular%2Citalic%2C500%2C500italic%2C700%2C700italic%2C900%2C900italic|font_style:300%20light%20regular%3A300%3Anormal&#8221;][vc_empty_space height=&#8221;0&#8243;][vc_column_text][\/vc_column_text][vc_empty_space height=&#8221;0&#8243;][vc_custom_heading text=&#8221;Gestisci il tuo servizio clienti in<span class=\"excerpt-hellip\"> [\u2026]<\/span><\/p>\n","protected":false},"author":188999831,"featured_media":-1,"parent":0,"menu_order":0,"comment_status":"closed","ping_status":"closed","template":"","meta":{"content-type":"","inline_featured_image":false,"_monsterinsights_skip_tracking":false,"_monsterinsights_sitenote_active":false,"_monsterinsights_sitenote_note":"","_monsterinsights_sitenote_category":0,"footnotes":""},"class_list":["post-23174","page","type-page","status-publish","has-post-thumbnail","hentry"],"yoast_head":"<!-- This site is optimized with the Yoast SEO plugin v27.3 - https:\/\/yoast.com\/product\/yoast-seo-wordpress\/ -->\n<title>Ticketing conversazionale | Tiledesk<\/title>\n<meta name=\"description\" content=\"Gestisci richieste e email dei clienti in un unico posto. Sistema semplice e alta soddisfazione.\" \/>\n<meta name=\"robots\" content=\"index, follow, max-snippet:-1, max-image-preview:large, max-video-preview:-1\" \/>\n<link rel=\"canonical\" href=\"https:\/\/tiledesk.com\/it\/ticketing-conversazionale\/\" \/>\n<meta property=\"og:locale\" content=\"it_IT\" \/>\n<meta property=\"og:type\" content=\"article\" \/>\n<meta property=\"og:title\" content=\"Ticketing conversazionale | Tiledesk\" \/>\n<meta property=\"og:description\" content=\"Gestisci richieste e email dei clienti in un unico posto. Sistema semplice e alta soddisfazione.\" \/>\n<meta property=\"og:url\" content=\"https:\/\/tiledesk.com\/it\/ticketing-conversazionale\/\" \/>\n<meta property=\"og:site_name\" content=\"Tiledesk\" \/>\n<meta property=\"article:publisher\" content=\"https:\/\/www.facebook.com\/tiledesk\/\" \/>\n<meta property=\"article:modified_time\" content=\"2025-10-08T15:35:58+00:00\" \/>\n<meta name=\"twitter:card\" content=\"summary_large_image\" \/>\n<meta name=\"twitter:label1\" content=\"Tempo di lettura stimato\" \/>\n\t<meta name=\"twitter:data1\" content=\"2 minuti\" \/>\n<script type=\"application\/ld+json\" class=\"yoast-schema-graph\">{\"@context\":\"https:\\\/\\\/schema.org\",\"@graph\":[{\"@type\":\"WebPage\",\"@id\":\"https:\\\/\\\/tiledesk.com\\\/it\\\/ticketing-conversazionale\\\/\",\"url\":\"https:\\\/\\\/tiledesk.com\\\/it\\\/ticketing-conversazionale\\\/\",\"name\":\"Ticketing conversazionale | Tiledesk\",\"isPartOf\":{\"@id\":\"https:\\\/\\\/tiledesk.com\\\/it\\\/#website\"},\"primaryImageOfPage\":{\"@id\":\"https:\\\/\\\/tiledesk.com\\\/it\\\/ticketing-conversazionale\\\/#primaryimage\"},\"image\":{\"@id\":\"https:\\\/\\\/tiledesk.com\\\/it\\\/ticketing-conversazionale\\\/#primaryimage\"},\"thumbnailUrl\":\"https:\\\/\\\/tiledesk.com\\\/wp-content\\\/uploads\\\/2022\\\/10\\\/Conversational-Ticketing.png\",\"datePublished\":\"2022-10-03T17:13:32+00:00\",\"dateModified\":\"2025-10-08T15:35:58+00:00\",\"description\":\"Gestisci richieste e email dei clienti in un unico posto. Sistema semplice e alta soddisfazione.\",\"breadcrumb\":{\"@id\":\"https:\\\/\\\/tiledesk.com\\\/it\\\/ticketing-conversazionale\\\/#breadcrumb\"},\"inLanguage\":\"it-IT\",\"potentialAction\":[{\"@type\":\"ReadAction\",\"target\":[\"https:\\\/\\\/tiledesk.com\\\/it\\\/ticketing-conversazionale\\\/\"]}]},{\"@type\":\"ImageObject\",\"inLanguage\":\"it-IT\",\"@id\":\"https:\\\/\\\/tiledesk.com\\\/it\\\/ticketing-conversazionale\\\/#primaryimage\",\"url\":\"https:\\\/\\\/tiledesk.com\\\/wp-content\\\/uploads\\\/2022\\\/10\\\/Conversational-Ticketing.png\",\"contentUrl\":\"https:\\\/\\\/tiledesk.com\\\/wp-content\\\/uploads\\\/2022\\\/10\\\/Conversational-Ticketing.png\"},{\"@type\":\"BreadcrumbList\",\"@id\":\"https:\\\/\\\/tiledesk.com\\\/it\\\/ticketing-conversazionale\\\/#breadcrumb\",\"itemListElement\":[{\"@type\":\"ListItem\",\"position\":1,\"name\":\"Home\",\"item\":\"https:\\\/\\\/tiledesk.com\\\/it\\\/\"},{\"@type\":\"ListItem\",\"position\":2,\"name\":\"Ticketing conversazionale\"}]},{\"@type\":\"WebSite\",\"@id\":\"https:\\\/\\\/tiledesk.com\\\/it\\\/#website\",\"url\":\"https:\\\/\\\/tiledesk.com\\\/it\\\/\",\"name\":\"Tiledesk\",\"description\":\"Conversational Automation for Customer Engagement\",\"publisher\":{\"@id\":\"https:\\\/\\\/tiledesk.com\\\/it\\\/#organization\"},\"potentialAction\":[{\"@type\":\"SearchAction\",\"target\":{\"@type\":\"EntryPoint\",\"urlTemplate\":\"https:\\\/\\\/tiledesk.com\\\/it\\\/?s={search_term_string}\"},\"query-input\":{\"@type\":\"PropertyValueSpecification\",\"valueRequired\":true,\"valueName\":\"search_term_string\"}}],\"inLanguage\":\"it-IT\"},{\"@type\":\"Organization\",\"@id\":\"https:\\\/\\\/tiledesk.com\\\/it\\\/#organization\",\"name\":\"Tiledesk\",\"url\":\"https:\\\/\\\/tiledesk.com\\\/it\\\/\",\"logo\":{\"@type\":\"ImageObject\",\"inLanguage\":\"it-IT\",\"@id\":\"https:\\\/\\\/tiledesk.com\\\/it\\\/#\\\/schema\\\/logo\\\/image\\\/\",\"url\":\"https:\\\/\\\/i0.wp.com\\\/tiledesk.com\\\/wp-content\\\/uploads\\\/2022\\\/07\\\/tiledesk_website.png?fit=3420%2C1038&ssl=1\",\"contentUrl\":\"https:\\\/\\\/i0.wp.com\\\/tiledesk.com\\\/wp-content\\\/uploads\\\/2022\\\/07\\\/tiledesk_website.png?fit=3420%2C1038&ssl=1\",\"width\":3420,\"height\":1038,\"caption\":\"Tiledesk\"},\"image\":{\"@id\":\"https:\\\/\\\/tiledesk.com\\\/it\\\/#\\\/schema\\\/logo\\\/image\\\/\"},\"sameAs\":[\"https:\\\/\\\/www.facebook.com\\\/tiledesk\\\/\"]}]}<\/script>\n<!-- \/ Yoast SEO plugin. -->","yoast_head_json":{"title":"Ticketing conversazionale | Tiledesk","description":"Gestisci richieste e email dei clienti in un unico posto. Sistema semplice e alta soddisfazione.","robots":{"index":"index","follow":"follow","max-snippet":"max-snippet:-1","max-image-preview":"max-image-preview:large","max-video-preview":"max-video-preview:-1"},"canonical":"https:\/\/tiledesk.com\/it\/ticketing-conversazionale\/","og_locale":"it_IT","og_type":"article","og_title":"Ticketing conversazionale | Tiledesk","og_description":"Gestisci richieste e email dei clienti in un unico posto. Sistema semplice e alta soddisfazione.","og_url":"https:\/\/tiledesk.com\/it\/ticketing-conversazionale\/","og_site_name":"Tiledesk","article_publisher":"https:\/\/www.facebook.com\/tiledesk\/","article_modified_time":"2025-10-08T15:35:58+00:00","twitter_card":"summary_large_image","twitter_misc":{"Tempo di lettura stimato":"2 minuti"},"schema":{"@context":"https:\/\/schema.org","@graph":[{"@type":"WebPage","@id":"https:\/\/tiledesk.com\/it\/ticketing-conversazionale\/","url":"https:\/\/tiledesk.com\/it\/ticketing-conversazionale\/","name":"Ticketing conversazionale | Tiledesk","isPartOf":{"@id":"https:\/\/tiledesk.com\/it\/#website"},"primaryImageOfPage":{"@id":"https:\/\/tiledesk.com\/it\/ticketing-conversazionale\/#primaryimage"},"image":{"@id":"https:\/\/tiledesk.com\/it\/ticketing-conversazionale\/#primaryimage"},"thumbnailUrl":"https:\/\/tiledesk.com\/wp-content\/uploads\/2022\/10\/Conversational-Ticketing.png","datePublished":"2022-10-03T17:13:32+00:00","dateModified":"2025-10-08T15:35:58+00:00","description":"Gestisci richieste e email dei clienti in un unico posto. Sistema semplice e alta soddisfazione.","breadcrumb":{"@id":"https:\/\/tiledesk.com\/it\/ticketing-conversazionale\/#breadcrumb"},"inLanguage":"it-IT","potentialAction":[{"@type":"ReadAction","target":["https:\/\/tiledesk.com\/it\/ticketing-conversazionale\/"]}]},{"@type":"ImageObject","inLanguage":"it-IT","@id":"https:\/\/tiledesk.com\/it\/ticketing-conversazionale\/#primaryimage","url":"https:\/\/tiledesk.com\/wp-content\/uploads\/2022\/10\/Conversational-Ticketing.png","contentUrl":"https:\/\/tiledesk.com\/wp-content\/uploads\/2022\/10\/Conversational-Ticketing.png"},{"@type":"BreadcrumbList","@id":"https:\/\/tiledesk.com\/it\/ticketing-conversazionale\/#breadcrumb","itemListElement":[{"@type":"ListItem","position":1,"name":"Home","item":"https:\/\/tiledesk.com\/it\/"},{"@type":"ListItem","position":2,"name":"Ticketing conversazionale"}]},{"@type":"WebSite","@id":"https:\/\/tiledesk.com\/it\/#website","url":"https:\/\/tiledesk.com\/it\/","name":"Tiledesk","description":"Conversational Automation for Customer Engagement","publisher":{"@id":"https:\/\/tiledesk.com\/it\/#organization"},"potentialAction":[{"@type":"SearchAction","target":{"@type":"EntryPoint","urlTemplate":"https:\/\/tiledesk.com\/it\/?s={search_term_string}"},"query-input":{"@type":"PropertyValueSpecification","valueRequired":true,"valueName":"search_term_string"}}],"inLanguage":"it-IT"},{"@type":"Organization","@id":"https:\/\/tiledesk.com\/it\/#organization","name":"Tiledesk","url":"https:\/\/tiledesk.com\/it\/","logo":{"@type":"ImageObject","inLanguage":"it-IT","@id":"https:\/\/tiledesk.com\/it\/#\/schema\/logo\/image\/","url":"https:\/\/i0.wp.com\/tiledesk.com\/wp-content\/uploads\/2022\/07\/tiledesk_website.png?fit=3420%2C1038&ssl=1","contentUrl":"https:\/\/i0.wp.com\/tiledesk.com\/wp-content\/uploads\/2022\/07\/tiledesk_website.png?fit=3420%2C1038&ssl=1","width":3420,"height":1038,"caption":"Tiledesk"},"image":{"@id":"https:\/\/tiledesk.com\/it\/#\/schema\/logo\/image\/"},"sameAs":["https:\/\/www.facebook.com\/tiledesk\/"]}]}},"jetpack_shortlink":"https:\/\/wp.me\/PcfkHd-61M","jetpack_sharing_enabled":true,"_links":{"self":[{"href":"https:\/\/tiledesk.com\/it\/wp-json\/wp\/v2\/pages\/23174","targetHints":{"allow":["GET"]}}],"collection":[{"href":"https:\/\/tiledesk.com\/it\/wp-json\/wp\/v2\/pages"}],"about":[{"href":"https:\/\/tiledesk.com\/it\/wp-json\/wp\/v2\/types\/page"}],"author":[{"embeddable":true,"href":"https:\/\/tiledesk.com\/it\/wp-json\/wp\/v2\/users\/188999831"}],"replies":[{"embeddable":true,"href":"https:\/\/tiledesk.com\/it\/wp-json\/wp\/v2\/comments?post=23174"}],"version-history":[{"count":4,"href":"https:\/\/tiledesk.com\/it\/wp-json\/wp\/v2\/pages\/23174\/revisions"}],"predecessor-version":[{"id":26597,"href":"https:\/\/tiledesk.com\/it\/wp-json\/wp\/v2\/pages\/23174\/revisions\/26597"}],"wp:featuredmedia":[{"embeddable":true,"href":"https:\/\/tiledesk.com\/it\/wp-json\/"}],"wp:attachment":[{"href":"https:\/\/tiledesk.com\/it\/wp-json\/wp\/v2\/media?parent=23174"}],"curies":[{"name":"wp","href":"https:\/\/api.w.org\/{rel}","templated":true}]}}